{"id":6,"date":"2012-12-08T13:24:58","date_gmt":"2012-12-08T13:24:58","guid":{"rendered":"http:\/\/www.josselin-limon-duparcmeur.fr\/wordpress\/?page_id=2"},"modified":"2025-09-26T12:40:47","modified_gmt":"2025-09-26T12:40:47","slug":"page-d-exemple-2","status":"publish","type":"page","link":"https:\/\/josselin-limon-duparcmeur.fr\/?page_id=6","title":{"rendered":"Biblio"},"content":{"rendered":"<p>Auteur de Bande dessin\u00e9e et illustrateur, travaille \u00e0 l&rsquo;<a href=\"http:\/\/ateliermillefeuille.com\/\" target=\"_blank\" rel=\"noopener noreferrer\">Atelier Millefeuille<\/a> \u00e0 Lyon, collectif de dessinateurs cr\u00e9\u00e9 en 2015. \u00c9galement membre de l&rsquo;<a href=\"http:\/\/www.epiceriesequentielle.com\/actu\/les-rues-de-lyon-le-journal\/\" target=\"_blank\" rel=\"noopener noreferrer\">\u00c9picerie S\u00e9quentielle<\/a>,\u00a0association d\u2019auteurs de bandes dessin\u00e9es lyonnais et maison d&rsquo;auto-\u00e9dition.\u00a0 \u00a0<a href=\"https:\/\/www.instagram.com\/josselinlimonduparcmeur\" target=\"_blank\" rel=\"noopener noreferrer\">Instagram<\/a>\u00a0 \u00a0\u00a0<a href=\"https:\/\/www.facebook.com\/josselinlimonduparcmeur\/\" target=\"_blank\" rel=\"noopener noreferrer\">Facebook<\/a><\/p>\n<p>Albums :<\/p>\n<p><a href=\"https:\/\/josselin-limon-duparcmeur.fr\/?page_id=1967\" target=\"_blank\" rel=\"noopener\">Jeanne &amp; cierges<\/a> (sc\u00e9nario : Karibou), \u00c9ditions Delcourt, Collection Pataqu\u00e8s, avril 2025<br \/>\n<a href=\"https:\/\/josselin-limon-duparcmeur.fr\/?page_id=1823\" target=\"_blank\" rel=\"noopener\"><em>Troie Z\u00e9ro<\/em><\/a> (sc\u00e9nario : Karibou), \u00c9ditions Delcourt, Collection Pataqu\u00e8s, 2023<br \/>\n<a href=\"https:\/\/josselin-limon-duparcmeur.fr\/?page_id=1466\" target=\"_blank\" rel=\"noopener noreferrer\"><i>Waterlose<\/i><\/a> (sc\u00e9nario : Karibou), \u00c9ditions Delcourt, Collection Pataqu\u00e8s, 2022<br \/>\n<em><a href=\"https:\/\/josselin-limon-duparcmeur.fr\/?page_id=1215\" target=\"_blank\" rel=\"noopener noreferrer\">Salade C\u00e9sar<\/a><\/em> (sc\u00e9nario : Karibou), \u00c9ditions Delcourt, Collection Pataqu\u00e8s, 2020<\/p>\n<p><a href=\"https:\/\/josselin-limon-duparcmeur.fr\/?page_id=2060\" target=\"_blank\" rel=\"noopener\"><em>Bugey-Valromey : A feu et \u00e0 sang <\/em><\/a>(sc\u00e9nario : Pierre Mercier), Mus\u00e9e de la R\u00e9sistance et de la D\u00e9portation de l\u2019Ain, 2025<br \/>\n<em><a href=\"https:\/\/josselin-limon-duparcmeur.fr\/?page_id=1904\" target=\"_blank\" rel=\"noopener\">Meximieux : Am\u00e8re victoire<\/a> <\/em>(sc\u00e9nario : Pierre Mercier), Mus\u00e9e de la R\u00e9sistance et de la D\u00e9portation de l\u2019Ain, 2024<br \/>\n<em><a href=\"https:\/\/josselin-limon-duparcmeur.fr\/?page_id=1659\" target=\"_blank\" rel=\"noopener\">Bourg-en-Bresse : Lalande se rebelle<\/a> <\/em>(sc\u00e9nario : Pierre Mercier), Mus\u00e9e de la R\u00e9sistance et de la D\u00e9portation de l\u2019Ain, 2023<br \/>\n<a href=\"https:\/\/josselin-limon-duparcmeur.fr\/?page_id=1538\" target=\"_blank\" rel=\"noopener noreferrer\"><em>Amb\u00e9rieu : 52 locos H.S. <\/em><\/a>(sc\u00e9nario : Pierre Mercier), Mus\u00e9e de la R\u00e9sistance et de la D\u00e9portation de l\u2019Ain, 2022<br \/>\n<a href=\"https:\/\/josselin-limon-duparcmeur.fr\/?page_id=1369\" target=\"_blank\" rel=\"noopener noreferrer\"><em>Oyonnax : Ils ont os\u00e9 <\/em><\/a>(sc\u00e9nario : Pierre Mercier), Mus\u00e9e de la R\u00e9sistance et de la D\u00e9portation de l\u2019Ain, 2021<em><br \/>\n<\/em><a href=\"https:\/\/josselin-limon-duparcmeur.fr\/?page_id=1221\" target=\"_blank\" rel=\"noopener noreferrer\"><em>Mardi noir \u00e0 Nantua<\/em><\/a> (sc\u00e9nario : Pierre Mercier, Swann Meralli), Mus\u00e9e de la R\u00e9sistance et de la D\u00e9portation de l\u2019Ain, 2020<\/p>\n<p>Revues :<\/p>\n<p><em><a href=\"https:\/\/josselin-limon-duparcmeur.fr\/?page_id=1978\" target=\"_blank\" rel=\"noopener\">Chroniques en Dombes n\u00b07 : Les Ambarres<\/a><\/em>(avec Jean-Yves Mitton), Cr\u00f4a \u00c9ditions, 2025<em><br \/>\n<a href=\"https:\/\/josselin-limon-duparcmeur.fr\/?page_id=1639\" target=\"_blank\" rel=\"noopener noreferrer\">Les rues de Lyon n\u00b073 : L&rsquo;assassinat de Sadi Carnot<\/a><\/em>\u00a0(sc\u00e9nario : Jean-Philippe Travard), \u00c9picerie S\u00e9quentielle, 2021<em><br \/>\n<\/em><a href=\"https:\/\/josselin-limon-duparcmeur.fr\/?page_id=1153\" target=\"_blank\" rel=\"noopener noreferrer\"><em>Les rues de Lyon n\u00b055 : La Commune de Lyon<\/em><\/a>, \u00c9picerie S\u00e9quentielle, 2019<br \/>\n<a href=\"https:\/\/josselin-limon-duparcmeur.fr\/?page_id=1051\" target=\"_blank\" rel=\"noopener noreferrer\"><em>Les rues de Lyon n\u00b043 : Louis T. Achille<\/em><\/a> (sc\u00e9nario : H\u00e9l\u00e8ne Marie),\u00a0\u00c9picerie S\u00e9quentielle,\u00a02018<\/p>\n<p>Collectif :<\/p>\n<p><em><a href=\"https:\/\/josselin-limon-duparcmeur.fr\/?page_id=1479\" target=\"_blank\" rel=\"noopener noreferrer\">Totem<\/a>, <\/em>Album collectif, Millefeuille, 2022<em><br \/>\nProjet Bermuda n\u00b06, 7, 8, 9 et 10,<\/em>\u00a0 Exp\u00e9 \u00c9ditions, 2014 \u00e0 2018<\/p>\n<p>Collaborations :<\/p>\n<p><a href=\"https:\/\/www.phosphore.com\/sommaires\/decouvre-ton-numero-du-1er-octobre-2024\/\" target=\"_blank\" rel=\"noopener\">Phosphore magazine<\/a>,\u00a0<a href=\"https:\/\/www.monde-diplomatique.fr\/mav\/172\/KARIBOU\/62039\" target=\"_blank\" rel=\"noopener noreferrer\">Le Monde diplomatique<\/a> (Mani\u00e8re de voir), <a href=\"https:\/\/reader.zoolemag.com\/mag\/lemag\/93\" target=\"_blank\" rel=\"noopener\">Zoo le mag<\/a>, Le Particulier magazine (Groupe Figaro), Alliade Habitat, Grand Lyon Habitat, Lyon M\u00e9tropole Habitat, Peugeot, Gefco, Somfy, SIAF ing\u00e9nierie, l&rsquo;Habitat Dans Tous Ses Etats, Optim Ressource, DMG Technologies&#8230;<br \/>\nFestivals :\u00a0<a href=\"https:\/\/opalebd.com\/festivals\/affiches\/890\" target=\"_blank\" rel=\"noopener\">\u00c9chapp\u00e9e Bulle<\/a>,\u00a0Submersons,\u00a0Les M\u00e9di\u00e9vales,\u00a0Les Loustiks de l\u2019Akoustic&#8230;<\/p>\n","protected":false},"excerpt":{"rendered":"<p>Auteur de Bande dessin\u00e9e et illustrateur, travaille \u00e0 l&rsquo;Atelier Millefeuille \u00e0 Lyon, collectif de dessinateurs cr\u00e9\u00e9 en 2015. \u00c9galement membre de l&rsquo;\u00c9picerie S\u00e9quentielle,\u00a0association d\u2019auteurs de bandes dessin\u00e9es lyonnais et maison d&rsquo;auto-\u00e9dition.\u00a0 \u00a0Instagram\u00a0 \u00a0\u00a0Facebook Albums : Jeanne &amp; cierges (sc\u00e9nario : Karibou), \u00c9ditions Delcourt, Collection Pataqu\u00e8s, avril 2025 Troie Z\u00e9ro (sc\u00e9nario : Karibou), \u00c9ditions Delcourt, Collection [&hellip;]<\/p>\n","protected":false},"author":1,"featured_media":0,"parent":0,"menu_order":0,"comment_status":"closed","ping_status":"open","template":"","meta":{"footnotes":""},"class_list":["post-6","page","type-page","status-publish","hentry"],"_links":{"self":[{"href":"https:\/\/josselin-limon-duparcmeur.fr\/index.php?rest_route=\/wp\/v2\/pages\/6","targetHints":{"allow":["GET"]}}],"collection":[{"href":"https:\/\/josselin-limon-duparcmeur.fr\/index.php?rest_route=\/wp\/v2\/pages"}],"about":[{"href":"https:\/\/josselin-limon-duparcmeur.fr\/index.php?rest_route=\/wp\/v2\/types\/page"}],"author":[{"embeddable":true,"href":"https:\/\/josselin-limon-duparcmeur.fr\/index.php?rest_route=\/wp\/v2\/users\/1"}],"replies":[{"embeddable":true,"href":"https:\/\/josselin-limon-duparcmeur.fr\/index.php?rest_route=%2Fwp%2Fv2%2Fcomments&post=6"}],"version-history":[{"count":91,"href":"https:\/\/josselin-limon-duparcmeur.fr\/index.php?rest_route=\/wp\/v2\/pages\/6\/revisions"}],"predecessor-version":[{"id":2092,"href":"https:\/\/josselin-limon-duparcmeur.fr\/index.php?rest_route=\/wp\/v2\/pages\/6\/revisions\/2092"}],"wp:attachment":[{"href":"https:\/\/josselin-limon-duparcmeur.fr\/index.php?rest_route=%2Fwp%2Fv2%2Fmedia&parent=6"}],"curies":[{"name":"wp","href":"https:\/\/api.w.org\/{rel}","templated":true}]}}