{"id":1904,"date":"2024-06-22T16:14:50","date_gmt":"2024-06-22T16:14:50","guid":{"rendered":"https:\/\/josselin-limon-duparcmeur.fr\/?page_id=1904"},"modified":"2024-06-25T16:26:38","modified_gmt":"2024-06-25T16:26:38","slug":"meximieux-amere-victoire","status":"publish","type":"page","link":"https:\/\/josselin-limon-duparcmeur.fr\/?page_id=1904","title":{"rendered":""},"content":{"rendered":"\n\t\t<style type=\"text\/css\">\n\t\t\t#gallery-1 {\n\t\t\t\tmargin: auto;\n\t\t\t}\n\t\t\t#gallery-1 .gallery-item {\n\t\t\t\tfloat: left;\n\t\t\t\tmargin-top: 10px;\n\t\t\t\ttext-align: center;\n\t\t\t\twidth: 25%;\n\t\t\t}\n\t\t\t#gallery-1 img {\n\t\t\t\tborder: 2px solid #cfcfcf;\n\t\t\t}\n\t\t\t#gallery-1 .gallery-caption {\n\t\t\t\tmargin-left: 0;\n\t\t\t}\n\t\t\t\/* see gallery_shortcode() in wp-includes\/media.php *\/\n\t\t<\/style>\n\t\t<div id='gallery-1' class='gallery galleryid-1904 gallery-columns-4 gallery-size-large'><dl class='gallery-item'>\n\t\t\t<dt class='gallery-icon portrait'>\n\t\t\t\t<a href='https:\/\/josselin-limon-duparcmeur.fr\/?attachment_id=1895'><img loading=\"lazy\" decoding=\"async\" width=\"640\" height=\"905\" src=\"https:\/\/josselin-limon-duparcmeur.fr\/wp-content\/uploads\/2024\/06\/Couverture-724x1024.jpg\" class=\"attachment-large size-large\" alt=\"BD histoire duparcmeur nantua meximieux resistance ain mus\u00e9e\" srcset=\"https:\/\/josselin-limon-duparcmeur.fr\/wp-content\/uploads\/2024\/06\/Couverture-724x1024.jpg 724w, https:\/\/josselin-limon-duparcmeur.fr\/wp-content\/uploads\/2024\/06\/Couverture-212x300.jpg 212w, https:\/\/josselin-limon-duparcmeur.fr\/wp-content\/uploads\/2024\/06\/Couverture-768x1087.jpg 768w, https:\/\/josselin-limon-duparcmeur.fr\/wp-content\/uploads\/2024\/06\/Couverture-1086x1536.jpg 1086w, https:\/\/josselin-limon-duparcmeur.fr\/wp-content\/uploads\/2024\/06\/Couverture.jpg 1123w\" sizes=\"auto, (max-width: 640px) 100vw, 640px\" \/><\/a>\n\t\t\t<\/dt><\/dl><dl class='gallery-item'>\n\t\t\t<dt class='gallery-icon portrait'>\n\t\t\t\t<a href='https:\/\/josselin-limon-duparcmeur.fr\/?attachment_id=1894'><img loading=\"lazy\" decoding=\"async\" width=\"640\" height=\"905\" src=\"https:\/\/josselin-limon-duparcmeur.fr\/wp-content\/uploads\/2024\/06\/p01-724x1024.jpg\" class=\"attachment-large size-large\" alt=\"BD histoire duparcmeur nantua meximieux resistance ain mus\u00e9e\" srcset=\"https:\/\/josselin-limon-duparcmeur.fr\/wp-content\/uploads\/2024\/06\/p01-724x1024.jpg 724w, https:\/\/josselin-limon-duparcmeur.fr\/wp-content\/uploads\/2024\/06\/p01-212x300.jpg 212w, https:\/\/josselin-limon-duparcmeur.fr\/wp-content\/uploads\/2024\/06\/p01-768x1087.jpg 768w, https:\/\/josselin-limon-duparcmeur.fr\/wp-content\/uploads\/2024\/06\/p01-1086x1536.jpg 1086w, https:\/\/josselin-limon-duparcmeur.fr\/wp-content\/uploads\/2024\/06\/p01.jpg 1123w\" sizes=\"auto, (max-width: 640px) 100vw, 640px\" \/><\/a>\n\t\t\t<\/dt><\/dl><dl class='gallery-item'>\n\t\t\t<dt class='gallery-icon portrait'>\n\t\t\t\t<a href='https:\/\/josselin-limon-duparcmeur.fr\/?attachment_id=1889'><img loading=\"lazy\" decoding=\"async\" width=\"640\" height=\"905\" src=\"https:\/\/josselin-limon-duparcmeur.fr\/wp-content\/uploads\/2024\/06\/p08-724x1024.jpg\" class=\"attachment-large size-large\" alt=\"BD histoire duparcmeur nantua meximieux resistance ain mus\u00e9e\" srcset=\"https:\/\/josselin-limon-duparcmeur.fr\/wp-content\/uploads\/2024\/06\/p08-724x1024.jpg 724w, https:\/\/josselin-limon-duparcmeur.fr\/wp-content\/uploads\/2024\/06\/p08-212x300.jpg 212w, https:\/\/josselin-limon-duparcmeur.fr\/wp-content\/uploads\/2024\/06\/p08-768x1087.jpg 768w, https:\/\/josselin-limon-duparcmeur.fr\/wp-content\/uploads\/2024\/06\/p08-1086x1536.jpg 1086w, https:\/\/josselin-limon-duparcmeur.fr\/wp-content\/uploads\/2024\/06\/p08.jpg 1123w\" sizes=\"auto, (max-width: 640px) 100vw, 640px\" \/><\/a>\n\t\t\t<\/dt><\/dl><dl class='gallery-item'>\n\t\t\t<dt class='gallery-icon portrait'>\n\t\t\t\t<a href='https:\/\/josselin-limon-duparcmeur.fr\/?attachment_id=1893'><img loading=\"lazy\" decoding=\"async\" width=\"640\" height=\"905\" src=\"https:\/\/josselin-limon-duparcmeur.fr\/wp-content\/uploads\/2024\/06\/p25-724x1024.jpg\" class=\"attachment-large size-large\" alt=\"BD histoire duparcmeur nantua meximieux resistance ain mus\u00e9e\" srcset=\"https:\/\/josselin-limon-duparcmeur.fr\/wp-content\/uploads\/2024\/06\/p25-724x1024.jpg 724w, https:\/\/josselin-limon-duparcmeur.fr\/wp-content\/uploads\/2024\/06\/p25-212x300.jpg 212w, https:\/\/josselin-limon-duparcmeur.fr\/wp-content\/uploads\/2024\/06\/p25-768x1087.jpg 768w, https:\/\/josselin-limon-duparcmeur.fr\/wp-content\/uploads\/2024\/06\/p25-1086x1536.jpg 1086w, https:\/\/josselin-limon-duparcmeur.fr\/wp-content\/uploads\/2024\/06\/p25.jpg 1123w\" sizes=\"auto, (max-width: 640px) 100vw, 640px\" \/><\/a>\n\t\t\t<\/dt><\/dl><br style=\"clear: both\" \/><dl class='gallery-item'>\n\t\t\t<dt class='gallery-icon portrait'>\n\t\t\t\t<a href='https:\/\/josselin-limon-duparcmeur.fr\/?attachment_id=1892'><img loading=\"lazy\" decoding=\"async\" width=\"640\" height=\"905\" src=\"https:\/\/josselin-limon-duparcmeur.fr\/wp-content\/uploads\/2024\/06\/p29-724x1024.jpg\" class=\"attachment-large size-large\" alt=\"BD histoire duparcmeur nantua meximieux resistance ain mus\u00e9e\" srcset=\"https:\/\/josselin-limon-duparcmeur.fr\/wp-content\/uploads\/2024\/06\/p29-724x1024.jpg 724w, https:\/\/josselin-limon-duparcmeur.fr\/wp-content\/uploads\/2024\/06\/p29-212x300.jpg 212w, https:\/\/josselin-limon-duparcmeur.fr\/wp-content\/uploads\/2024\/06\/p29-768x1087.jpg 768w, https:\/\/josselin-limon-duparcmeur.fr\/wp-content\/uploads\/2024\/06\/p29-1086x1536.jpg 1086w, https:\/\/josselin-limon-duparcmeur.fr\/wp-content\/uploads\/2024\/06\/p29.jpg 1123w\" sizes=\"auto, (max-width: 640px) 100vw, 640px\" \/><\/a>\n\t\t\t<\/dt><\/dl><dl class='gallery-item'>\n\t\t\t<dt class='gallery-icon portrait'>\n\t\t\t\t<a href='https:\/\/josselin-limon-duparcmeur.fr\/?attachment_id=1888'><img loading=\"lazy\" decoding=\"async\" width=\"640\" height=\"905\" src=\"https:\/\/josselin-limon-duparcmeur.fr\/wp-content\/uploads\/2024\/06\/p31-724x1024.jpg\" class=\"attachment-large size-large\" alt=\"BD histoire duparcmeur nantua meximieux resistance ain mus\u00e9e\" srcset=\"https:\/\/josselin-limon-duparcmeur.fr\/wp-content\/uploads\/2024\/06\/p31-724x1024.jpg 724w, https:\/\/josselin-limon-duparcmeur.fr\/wp-content\/uploads\/2024\/06\/p31-212x300.jpg 212w, https:\/\/josselin-limon-duparcmeur.fr\/wp-content\/uploads\/2024\/06\/p31-768x1087.jpg 768w, https:\/\/josselin-limon-duparcmeur.fr\/wp-content\/uploads\/2024\/06\/p31-1086x1536.jpg 1086w, https:\/\/josselin-limon-duparcmeur.fr\/wp-content\/uploads\/2024\/06\/p31.jpg 1123w\" sizes=\"auto, (max-width: 640px) 100vw, 640px\" \/><\/a>\n\t\t\t<\/dt><\/dl><dl class='gallery-item'>\n\t\t\t<dt class='gallery-icon portrait'>\n\t\t\t\t<a href='https:\/\/josselin-limon-duparcmeur.fr\/?attachment_id=1890'><img loading=\"lazy\" decoding=\"async\" width=\"640\" height=\"905\" src=\"https:\/\/josselin-limon-duparcmeur.fr\/wp-content\/uploads\/2024\/06\/p40-724x1024.jpg\" class=\"attachment-large size-large\" alt=\"BD histoire duparcmeur nantua meximieux resistance ain mus\u00e9e\" srcset=\"https:\/\/josselin-limon-duparcmeur.fr\/wp-content\/uploads\/2024\/06\/p40-724x1024.jpg 724w, https:\/\/josselin-limon-duparcmeur.fr\/wp-content\/uploads\/2024\/06\/p40-212x300.jpg 212w, https:\/\/josselin-limon-duparcmeur.fr\/wp-content\/uploads\/2024\/06\/p40-768x1087.jpg 768w, https:\/\/josselin-limon-duparcmeur.fr\/wp-content\/uploads\/2024\/06\/p40-1086x1536.jpg 1086w, https:\/\/josselin-limon-duparcmeur.fr\/wp-content\/uploads\/2024\/06\/p40.jpg 1123w\" sizes=\"auto, (max-width: 640px) 100vw, 640px\" \/><\/a>\n\t\t\t<\/dt><\/dl><dl class='gallery-item'>\n\t\t\t<dt class='gallery-icon portrait'>\n\t\t\t\t<a href='https:\/\/josselin-limon-duparcmeur.fr\/?attachment_id=1891'><img loading=\"lazy\" decoding=\"async\" width=\"640\" height=\"905\" src=\"https:\/\/josselin-limon-duparcmeur.fr\/wp-content\/uploads\/2024\/06\/p45-724x1024.jpg\" class=\"attachment-large size-large\" alt=\"BD histoire duparcmeur nantua meximieux resistance ain mus\u00e9e\" srcset=\"https:\/\/josselin-limon-duparcmeur.fr\/wp-content\/uploads\/2024\/06\/p45-724x1024.jpg 724w, https:\/\/josselin-limon-duparcmeur.fr\/wp-content\/uploads\/2024\/06\/p45-212x300.jpg 212w, https:\/\/josselin-limon-duparcmeur.fr\/wp-content\/uploads\/2024\/06\/p45-768x1087.jpg 768w, https:\/\/josselin-limon-duparcmeur.fr\/wp-content\/uploads\/2024\/06\/p45-1086x1536.jpg 1086w, https:\/\/josselin-limon-duparcmeur.fr\/wp-content\/uploads\/2024\/06\/p45.jpg 1123w\" sizes=\"auto, (max-width: 640px) 100vw, 640px\" \/><\/a>\n\t\t\t<\/dt><\/dl><br style=\"clear: both\" \/>\n\t\t<\/div>\n\n\n\n<p><a rel=\"noreferrer noopener\" href=\"https:\/\/www.nantua.fr\/culture\/musee-de-la-resistance\/\" target=\"_blank\">Mus\u00e9e de la R\u00e9sistance et de la D\u00e9portation de l\u2019Ain<\/a><\/p>\n","protected":false},"excerpt":{"rendered":"<p>Mus\u00e9e de la R\u00e9sistance et de la D\u00e9portation de l\u2019Ain<\/p>\n","protected":false},"author":1,"featured_media":0,"parent":0,"menu_order":0,"comment_status":"closed","ping_status":"closed","template":"","meta":{"footnotes":""},"class_list":["post-1904","page","type-page","status-publish","hentry"],"_links":{"self":[{"href":"https:\/\/josselin-limon-duparcmeur.fr\/index.php?rest_route=\/wp\/v2\/pages\/1904","targetHints":{"allow":["GET"]}}],"collection":[{"href":"https:\/\/josselin-limon-duparcmeur.fr\/index.php?rest_route=\/wp\/v2\/pages"}],"about":[{"href":"https:\/\/josselin-limon-duparcmeur.fr\/index.php?rest_route=\/wp\/v2\/types\/page"}],"author":[{"embeddable":true,"href":"https:\/\/josselin-limon-duparcmeur.fr\/index.php?rest_route=\/wp\/v2\/users\/1"}],"replies":[{"embeddable":true,"href":"https:\/\/josselin-limon-duparcmeur.fr\/index.php?rest_route=%2Fwp%2Fv2%2Fcomments&post=1904"}],"version-history":[{"count":2,"href":"https:\/\/josselin-limon-duparcmeur.fr\/index.php?rest_route=\/wp\/v2\/pages\/1904\/revisions"}],"predecessor-version":[{"id":1930,"href":"https:\/\/josselin-limon-duparcmeur.fr\/index.php?rest_route=\/wp\/v2\/pages\/1904\/revisions\/1930"}],"wp:attachment":[{"href":"https:\/\/josselin-limon-duparcmeur.fr\/index.php?rest_route=%2Fwp%2Fv2%2Fmedia&parent=1904"}],"curies":[{"name":"wp","href":"https:\/\/api.w.org\/{rel}","templated":true}]}}