{"id":1479,"date":"2022-01-10T11:23:58","date_gmt":"2022-01-10T11:23:58","guid":{"rendered":"http:\/\/josselin-limon-duparcmeur.fr\/?page_id=1479"},"modified":"2024-06-25T16:27:29","modified_gmt":"2024-06-25T16:27:29","slug":"totem-2","status":"publish","type":"page","link":"https:\/\/josselin-limon-duparcmeur.fr\/?page_id=1479","title":{"rendered":""},"content":{"rendered":"\n\t\t<style type=\"text\/css\">\n\t\t\t#gallery-1 {\n\t\t\t\tmargin: auto;\n\t\t\t}\n\t\t\t#gallery-1 .gallery-item {\n\t\t\t\tfloat: left;\n\t\t\t\tmargin-top: 10px;\n\t\t\t\ttext-align: center;\n\t\t\t\twidth: 25%;\n\t\t\t}\n\t\t\t#gallery-1 img {\n\t\t\t\tborder: 2px solid #cfcfcf;\n\t\t\t}\n\t\t\t#gallery-1 .gallery-caption {\n\t\t\t\tmargin-left: 0;\n\t\t\t}\n\t\t\t\/* see gallery_shortcode() in wp-includes\/media.php *\/\n\t\t<\/style>\n\t\t<div id='gallery-1' class='gallery galleryid-1479 gallery-columns-4 gallery-size-large'><dl class='gallery-item'>\n\t\t\t<dt class='gallery-icon portrait'>\n\t\t\t\t<a href='https:\/\/josselin-limon-duparcmeur.fr\/?attachment_id=1510#main'><img loading=\"lazy\" decoding=\"async\" width=\"640\" height=\"906\" src=\"https:\/\/josselin-limon-duparcmeur.fr\/wp-content\/uploads\/2022\/01\/0-723x1024.jpg\" class=\"attachment-large size-large\" alt=\"totem millefeuille lyon atelier bd pi\u00e8ce or collectif fanzine\" srcset=\"https:\/\/josselin-limon-duparcmeur.fr\/wp-content\/uploads\/2022\/01\/0-723x1024.jpg 723w, https:\/\/josselin-limon-duparcmeur.fr\/wp-content\/uploads\/2022\/01\/0-212x300.jpg 212w, https:\/\/josselin-limon-duparcmeur.fr\/wp-content\/uploads\/2022\/01\/0-768x1088.jpg 768w, https:\/\/josselin-limon-duparcmeur.fr\/wp-content\/uploads\/2022\/01\/0.jpg 826w\" sizes=\"auto, (max-width: 640px) 100vw, 640px\" \/><\/a>\n\t\t\t<\/dt><\/dl><dl class='gallery-item'>\n\t\t\t<dt class='gallery-icon portrait'>\n\t\t\t\t<a href='https:\/\/josselin-limon-duparcmeur.fr\/?attachment_id=1481#main'><img loading=\"lazy\" decoding=\"async\" width=\"640\" height=\"905\" src=\"https:\/\/josselin-limon-duparcmeur.fr\/wp-content\/uploads\/2022\/01\/p01-724x1024.jpg\" class=\"attachment-large size-large\" alt=\"totem millefeuille lyon atelier bd pi\u00e8ce or collectif fanzine\" srcset=\"https:\/\/josselin-limon-duparcmeur.fr\/wp-content\/uploads\/2022\/01\/p01-724x1024.jpg 724w, https:\/\/josselin-limon-duparcmeur.fr\/wp-content\/uploads\/2022\/01\/p01-212x300.jpg 212w, https:\/\/josselin-limon-duparcmeur.fr\/wp-content\/uploads\/2022\/01\/p01-768x1086.jpg 768w, https:\/\/josselin-limon-duparcmeur.fr\/wp-content\/uploads\/2022\/01\/p01.jpg 1240w\" sizes=\"auto, (max-width: 640px) 100vw, 640px\" \/><\/a>\n\t\t\t<\/dt><\/dl><dl class='gallery-item'>\n\t\t\t<dt class='gallery-icon portrait'>\n\t\t\t\t<a href='https:\/\/josselin-limon-duparcmeur.fr\/?attachment_id=1482#main'><img loading=\"lazy\" decoding=\"async\" width=\"640\" height=\"905\" src=\"https:\/\/josselin-limon-duparcmeur.fr\/wp-content\/uploads\/2022\/01\/p02-724x1024.jpg\" class=\"attachment-large size-large\" alt=\"totem millefeuille lyon atelier bd pi\u00e8ce or collectif fanzine\" srcset=\"https:\/\/josselin-limon-duparcmeur.fr\/wp-content\/uploads\/2022\/01\/p02-724x1024.jpg 724w, https:\/\/josselin-limon-duparcmeur.fr\/wp-content\/uploads\/2022\/01\/p02-212x300.jpg 212w, https:\/\/josselin-limon-duparcmeur.fr\/wp-content\/uploads\/2022\/01\/p02-768x1086.jpg 768w, https:\/\/josselin-limon-duparcmeur.fr\/wp-content\/uploads\/2022\/01\/p02.jpg 1240w\" sizes=\"auto, (max-width: 640px) 100vw, 640px\" \/><\/a>\n\t\t\t<\/dt><\/dl><dl class='gallery-item'>\n\t\t\t<dt class='gallery-icon portrait'>\n\t\t\t\t<a href='https:\/\/josselin-limon-duparcmeur.fr\/?attachment_id=1483#main'><img loading=\"lazy\" decoding=\"async\" width=\"640\" height=\"905\" src=\"https:\/\/josselin-limon-duparcmeur.fr\/wp-content\/uploads\/2022\/01\/p03-724x1024.jpg\" class=\"attachment-large size-large\" alt=\"totem millefeuille lyon atelier bd pi\u00e8ce or collectif fanzine\" srcset=\"https:\/\/josselin-limon-duparcmeur.fr\/wp-content\/uploads\/2022\/01\/p03-724x1024.jpg 724w, https:\/\/josselin-limon-duparcmeur.fr\/wp-content\/uploads\/2022\/01\/p03-212x300.jpg 212w, https:\/\/josselin-limon-duparcmeur.fr\/wp-content\/uploads\/2022\/01\/p03-768x1086.jpg 768w, https:\/\/josselin-limon-duparcmeur.fr\/wp-content\/uploads\/2022\/01\/p03.jpg 1240w\" sizes=\"auto, (max-width: 640px) 100vw, 640px\" \/><\/a>\n\t\t\t<\/dt><\/dl><br style=\"clear: both\" \/><dl class='gallery-item'>\n\t\t\t<dt class='gallery-icon portrait'>\n\t\t\t\t<a href='https:\/\/josselin-limon-duparcmeur.fr\/?attachment_id=1484#main'><img loading=\"lazy\" decoding=\"async\" width=\"640\" height=\"905\" src=\"https:\/\/josselin-limon-duparcmeur.fr\/wp-content\/uploads\/2022\/01\/p04-724x1024.jpg\" class=\"attachment-large size-large\" alt=\"totem millefeuille lyon atelier bd pi\u00e8ce or collectif fanzine\" srcset=\"https:\/\/josselin-limon-duparcmeur.fr\/wp-content\/uploads\/2022\/01\/p04-724x1024.jpg 724w, https:\/\/josselin-limon-duparcmeur.fr\/wp-content\/uploads\/2022\/01\/p04-212x300.jpg 212w, https:\/\/josselin-limon-duparcmeur.fr\/wp-content\/uploads\/2022\/01\/p04-768x1086.jpg 768w, https:\/\/josselin-limon-duparcmeur.fr\/wp-content\/uploads\/2022\/01\/p04.jpg 1240w\" sizes=\"auto, (max-width: 640px) 100vw, 640px\" \/><\/a>\n\t\t\t<\/dt><\/dl><dl class='gallery-item'>\n\t\t\t<dt class='gallery-icon portrait'>\n\t\t\t\t<a href='https:\/\/josselin-limon-duparcmeur.fr\/?attachment_id=1485#main'><img loading=\"lazy\" decoding=\"async\" width=\"640\" height=\"905\" src=\"https:\/\/josselin-limon-duparcmeur.fr\/wp-content\/uploads\/2022\/01\/p05-724x1024.jpg\" class=\"attachment-large size-large\" alt=\"totem millefeuille lyon atelier bd pi\u00e8ce or collectif fanzine\" srcset=\"https:\/\/josselin-limon-duparcmeur.fr\/wp-content\/uploads\/2022\/01\/p05-724x1024.jpg 724w, https:\/\/josselin-limon-duparcmeur.fr\/wp-content\/uploads\/2022\/01\/p05-212x300.jpg 212w, https:\/\/josselin-limon-duparcmeur.fr\/wp-content\/uploads\/2022\/01\/p05-768x1086.jpg 768w, https:\/\/josselin-limon-duparcmeur.fr\/wp-content\/uploads\/2022\/01\/p05.jpg 1240w\" sizes=\"auto, (max-width: 640px) 100vw, 640px\" \/><\/a>\n\t\t\t<\/dt><\/dl><dl class='gallery-item'>\n\t\t\t<dt class='gallery-icon portrait'>\n\t\t\t\t<a href='https:\/\/josselin-limon-duparcmeur.fr\/?attachment_id=1486#main'><img loading=\"lazy\" decoding=\"async\" width=\"640\" height=\"905\" src=\"https:\/\/josselin-limon-duparcmeur.fr\/wp-content\/uploads\/2022\/01\/p06-724x1024.jpg\" class=\"attachment-large size-large\" alt=\"totem millefeuille lyon atelier bd pi\u00e8ce or collectif fanzine\" srcset=\"https:\/\/josselin-limon-duparcmeur.fr\/wp-content\/uploads\/2022\/01\/p06-724x1024.jpg 724w, https:\/\/josselin-limon-duparcmeur.fr\/wp-content\/uploads\/2022\/01\/p06-212x300.jpg 212w, https:\/\/josselin-limon-duparcmeur.fr\/wp-content\/uploads\/2022\/01\/p06-768x1086.jpg 768w, https:\/\/josselin-limon-duparcmeur.fr\/wp-content\/uploads\/2022\/01\/p06.jpg 1240w\" sizes=\"auto, (max-width: 640px) 100vw, 640px\" \/><\/a>\n\t\t\t<\/dt><\/dl><dl class='gallery-item'>\n\t\t\t<dt class='gallery-icon portrait'>\n\t\t\t\t<a href='https:\/\/josselin-limon-duparcmeur.fr\/?attachment_id=1487#main'><img loading=\"lazy\" decoding=\"async\" width=\"640\" height=\"905\" src=\"https:\/\/josselin-limon-duparcmeur.fr\/wp-content\/uploads\/2022\/01\/p07-724x1024.jpg\" class=\"attachment-large size-large\" alt=\"totem millefeuille lyon atelier bd pi\u00e8ce or collectif fanzine\" srcset=\"https:\/\/josselin-limon-duparcmeur.fr\/wp-content\/uploads\/2022\/01\/p07-724x1024.jpg 724w, https:\/\/josselin-limon-duparcmeur.fr\/wp-content\/uploads\/2022\/01\/p07-212x300.jpg 212w, https:\/\/josselin-limon-duparcmeur.fr\/wp-content\/uploads\/2022\/01\/p07-768x1086.jpg 768w, https:\/\/josselin-limon-duparcmeur.fr\/wp-content\/uploads\/2022\/01\/p07.jpg 1240w\" sizes=\"auto, (max-width: 640px) 100vw, 640px\" \/><\/a>\n\t\t\t<\/dt><\/dl><br style=\"clear: both\" \/><dl class='gallery-item'>\n\t\t\t<dt class='gallery-icon portrait'>\n\t\t\t\t<a href='https:\/\/josselin-limon-duparcmeur.fr\/?attachment_id=1488#main'><img loading=\"lazy\" decoding=\"async\" width=\"640\" height=\"905\" src=\"https:\/\/josselin-limon-duparcmeur.fr\/wp-content\/uploads\/2022\/01\/p08-724x1024.jpg\" class=\"attachment-large size-large\" alt=\"totem millefeuille lyon atelier bd pi\u00e8ce or collectif fanzine\" srcset=\"https:\/\/josselin-limon-duparcmeur.fr\/wp-content\/uploads\/2022\/01\/p08-724x1024.jpg 724w, https:\/\/josselin-limon-duparcmeur.fr\/wp-content\/uploads\/2022\/01\/p08-212x300.jpg 212w, https:\/\/josselin-limon-duparcmeur.fr\/wp-content\/uploads\/2022\/01\/p08-768x1086.jpg 768w, https:\/\/josselin-limon-duparcmeur.fr\/wp-content\/uploads\/2022\/01\/p08.jpg 1240w\" sizes=\"auto, (max-width: 640px) 100vw, 640px\" \/><\/a>\n\t\t\t<\/dt><\/dl><dl class='gallery-item'>\n\t\t\t<dt class='gallery-icon portrait'>\n\t\t\t\t<a href='https:\/\/josselin-limon-duparcmeur.fr\/?attachment_id=1489#main'><img loading=\"lazy\" decoding=\"async\" width=\"640\" height=\"905\" src=\"https:\/\/josselin-limon-duparcmeur.fr\/wp-content\/uploads\/2022\/01\/p09-724x1024.jpg\" class=\"attachment-large size-large\" alt=\"totem millefeuille lyon atelier bd pi\u00e8ce or collectif fanzine\" srcset=\"https:\/\/josselin-limon-duparcmeur.fr\/wp-content\/uploads\/2022\/01\/p09-724x1024.jpg 724w, https:\/\/josselin-limon-duparcmeur.fr\/wp-content\/uploads\/2022\/01\/p09-212x300.jpg 212w, https:\/\/josselin-limon-duparcmeur.fr\/wp-content\/uploads\/2022\/01\/p09-768x1086.jpg 768w, https:\/\/josselin-limon-duparcmeur.fr\/wp-content\/uploads\/2022\/01\/p09.jpg 1240w\" sizes=\"auto, (max-width: 640px) 100vw, 640px\" \/><\/a>\n\t\t\t<\/dt><\/dl><dl class='gallery-item'>\n\t\t\t<dt class='gallery-icon portrait'>\n\t\t\t\t<a href='https:\/\/josselin-limon-duparcmeur.fr\/?attachment_id=1490#main'><img loading=\"lazy\" decoding=\"async\" width=\"640\" height=\"905\" src=\"https:\/\/josselin-limon-duparcmeur.fr\/wp-content\/uploads\/2022\/01\/p10-724x1024.jpg\" class=\"attachment-large size-large\" alt=\"totem millefeuille lyon atelier bd pi\u00e8ce or collectif fanzine\" srcset=\"https:\/\/josselin-limon-duparcmeur.fr\/wp-content\/uploads\/2022\/01\/p10-724x1024.jpg 724w, https:\/\/josselin-limon-duparcmeur.fr\/wp-content\/uploads\/2022\/01\/p10-212x300.jpg 212w, https:\/\/josselin-limon-duparcmeur.fr\/wp-content\/uploads\/2022\/01\/p10-768x1086.jpg 768w, https:\/\/josselin-limon-duparcmeur.fr\/wp-content\/uploads\/2022\/01\/p10.jpg 1240w\" sizes=\"auto, (max-width: 640px) 100vw, 640px\" \/><\/a>\n\t\t\t<\/dt><\/dl><dl class='gallery-item'>\n\t\t\t<dt class='gallery-icon portrait'>\n\t\t\t\t<a href='https:\/\/josselin-limon-duparcmeur.fr\/?attachment_id=1507#main'><img loading=\"lazy\" decoding=\"async\" width=\"640\" height=\"905\" src=\"https:\/\/josselin-limon-duparcmeur.fr\/wp-content\/uploads\/2022\/01\/Pi\u00e8ce-couleur-fd-noir-1-724x1024.jpg\" class=\"attachment-large size-large\" alt=\"totem millefeuille lyon atelier bd pi\u00e8ce or collectif fanzine\" srcset=\"https:\/\/josselin-limon-duparcmeur.fr\/wp-content\/uploads\/2022\/01\/Pi\u00e8ce-couleur-fd-noir-1-724x1024.jpg 724w, https:\/\/josselin-limon-duparcmeur.fr\/wp-content\/uploads\/2022\/01\/Pi\u00e8ce-couleur-fd-noir-1-212x300.jpg 212w, https:\/\/josselin-limon-duparcmeur.fr\/wp-content\/uploads\/2022\/01\/Pi\u00e8ce-couleur-fd-noir-1-768x1086.jpg 768w, https:\/\/josselin-limon-duparcmeur.fr\/wp-content\/uploads\/2022\/01\/Pi\u00e8ce-couleur-fd-noir-1.jpg 1240w\" sizes=\"auto, (max-width: 640px) 100vw, 640px\" \/><\/a>\n\t\t\t<\/dt><\/dl><br style=\"clear: both\" \/>\n\t\t<\/div>\n\n<p><img loading=\"lazy\" decoding=\"async\" class=\"aligncenter wp-image-1492\" src=\"https:\/\/josselin-limon-duparcmeur.fr\/wp-content\/uploads\/2022\/01\/Baseline-1024x1024.jpg\" alt=\"\" width=\"400\" height=\"400\" srcset=\"https:\/\/josselin-limon-duparcmeur.fr\/wp-content\/uploads\/2022\/01\/Baseline-1024x1024.jpg 1024w, https:\/\/josselin-limon-duparcmeur.fr\/wp-content\/uploads\/2022\/01\/Baseline-150x150.jpg 150w, https:\/\/josselin-limon-duparcmeur.fr\/wp-content\/uploads\/2022\/01\/Baseline-300x300.jpg 300w, https:\/\/josselin-limon-duparcmeur.fr\/wp-content\/uploads\/2022\/01\/Baseline-768x768.jpg 768w, https:\/\/josselin-limon-duparcmeur.fr\/wp-content\/uploads\/2022\/01\/Baseline.jpg 1080w\" sizes=\"auto, (max-width: 400px) 100vw, 400px\" \/><\/p>\n<p style=\"text-align: center;\">&#8230; Et beaucoup de cases de BD\u00a0!<\/p>\n<p style=\"text-align: center;\">De la maudite Babylone aux mains\u00a0d&rsquo;une prostitu\u00e9e de\u00a0la Gr\u00e8ce antique, des bois enchant\u00e9s \u00e0 la for\u00eat de\u00a0Sherwood, des lointaines colonies acadiennes aux tavernes du Paris de Louis XIII, des vampiresses victoriennes amoureuses aux collectionneurs contemporains obsessionnels, d&rsquo;une cour\u00a0d&rsquo;\u00e9cole primaire \u00e0 une cour\u00a0de justice galactique, l&rsquo;or du\u00a0<em>totem<\/em>\u00a0cheminera entre les c\u0153urs humains au gr\u00e9\u00a0des sensibilit\u00e9s de chaque auteurice.<\/p>\n\n\t\t<style type=\"text\/css\">\n\t\t\t#gallery-2 {\n\t\t\t\tmargin: auto;\n\t\t\t}\n\t\t\t#gallery-2 .gallery-item {\n\t\t\t\tfloat: left;\n\t\t\t\tmargin-top: 10px;\n\t\t\t\ttext-align: center;\n\t\t\t\twidth: 25%;\n\t\t\t}\n\t\t\t#gallery-2 img {\n\t\t\t\tborder: 2px solid #cfcfcf;\n\t\t\t}\n\t\t\t#gallery-2 .gallery-caption {\n\t\t\t\tmargin-left: 0;\n\t\t\t}\n\t\t\t\/* see gallery_shortcode() in wp-includes\/media.php *\/\n\t\t<\/style>\n\t\t<div id='gallery-2' class='gallery galleryid-1479 gallery-columns-4 gallery-size-large'><dl class='gallery-item'>\n\t\t\t<dt class='gallery-icon portrait'>\n\t\t\t\t<a href='https:\/\/josselin-limon-duparcmeur.fr\/?attachment_id=1493#main'><img loading=\"lazy\" decoding=\"async\" width=\"640\" height=\"905\" src=\"https:\/\/josselin-limon-duparcmeur.fr\/wp-content\/uploads\/2022\/01\/1-724x1024.jpg\" class=\"attachment-large size-large\" alt=\"\" aria-describedby=\"gallery-2-1493\" srcset=\"https:\/\/josselin-limon-duparcmeur.fr\/wp-content\/uploads\/2022\/01\/1-724x1024.jpg 724w, https:\/\/josselin-limon-duparcmeur.fr\/wp-content\/uploads\/2022\/01\/1-212x300.jpg 212w, https:\/\/josselin-limon-duparcmeur.fr\/wp-content\/uploads\/2022\/01\/1-768x1086.jpg 768w, https:\/\/josselin-limon-duparcmeur.fr\/wp-content\/uploads\/2022\/01\/1.jpg 1240w\" sizes=\"auto, (max-width: 640px) 100vw, 640px\" \/><\/a>\n\t\t\t<\/dt>\n\t\t\t\t<dd class='wp-caption-text gallery-caption' id='gallery-2-1493'>\n\t\t\t\tEtienne Gerin\n\t\t\t\t<\/dd><\/dl><dl class='gallery-item'>\n\t\t\t<dt class='gallery-icon portrait'>\n\t\t\t\t<a href='https:\/\/josselin-limon-duparcmeur.fr\/?attachment_id=1494#main'><img loading=\"lazy\" decoding=\"async\" width=\"640\" height=\"905\" src=\"https:\/\/josselin-limon-duparcmeur.fr\/wp-content\/uploads\/2022\/01\/2-724x1024.jpg\" class=\"attachment-large size-large\" alt=\"\" aria-describedby=\"gallery-2-1494\" srcset=\"https:\/\/josselin-limon-duparcmeur.fr\/wp-content\/uploads\/2022\/01\/2-724x1024.jpg 724w, https:\/\/josselin-limon-duparcmeur.fr\/wp-content\/uploads\/2022\/01\/2-212x300.jpg 212w, https:\/\/josselin-limon-duparcmeur.fr\/wp-content\/uploads\/2022\/01\/2-768x1086.jpg 768w, https:\/\/josselin-limon-duparcmeur.fr\/wp-content\/uploads\/2022\/01\/2.jpg 1240w\" sizes=\"auto, (max-width: 640px) 100vw, 640px\" \/><\/a>\n\t\t\t<\/dt>\n\t\t\t\t<dd class='wp-caption-text gallery-caption' id='gallery-2-1494'>\n\t\t\t\tTimoth\u00e9e Mironneau\n\t\t\t\t<\/dd><\/dl><dl class='gallery-item'>\n\t\t\t<dt class='gallery-icon portrait'>\n\t\t\t\t<a href='https:\/\/josselin-limon-duparcmeur.fr\/?attachment_id=1495#main'><img loading=\"lazy\" decoding=\"async\" width=\"640\" height=\"905\" src=\"https:\/\/josselin-limon-duparcmeur.fr\/wp-content\/uploads\/2022\/01\/3-724x1024.jpg\" class=\"attachment-large size-large\" alt=\"\" aria-describedby=\"gallery-2-1495\" srcset=\"https:\/\/josselin-limon-duparcmeur.fr\/wp-content\/uploads\/2022\/01\/3-724x1024.jpg 724w, https:\/\/josselin-limon-duparcmeur.fr\/wp-content\/uploads\/2022\/01\/3-212x300.jpg 212w, https:\/\/josselin-limon-duparcmeur.fr\/wp-content\/uploads\/2022\/01\/3-768x1086.jpg 768w, https:\/\/josselin-limon-duparcmeur.fr\/wp-content\/uploads\/2022\/01\/3.jpg 1240w\" sizes=\"auto, (max-width: 640px) 100vw, 640px\" \/><\/a>\n\t\t\t<\/dt>\n\t\t\t\t<dd class='wp-caption-text gallery-caption' id='gallery-2-1495'>\n\t\t\t\tMarina Rasolofomanana\n\t\t\t\t<\/dd><\/dl><dl class='gallery-item'>\n\t\t\t<dt class='gallery-icon portrait'>\n\t\t\t\t<a href='https:\/\/josselin-limon-duparcmeur.fr\/?attachment_id=1496#main'><img loading=\"lazy\" decoding=\"async\" width=\"640\" height=\"905\" src=\"https:\/\/josselin-limon-duparcmeur.fr\/wp-content\/uploads\/2022\/01\/4-724x1024.jpg\" class=\"attachment-large size-large\" alt=\"\" aria-describedby=\"gallery-2-1496\" srcset=\"https:\/\/josselin-limon-duparcmeur.fr\/wp-content\/uploads\/2022\/01\/4-724x1024.jpg 724w, https:\/\/josselin-limon-duparcmeur.fr\/wp-content\/uploads\/2022\/01\/4-212x300.jpg 212w, https:\/\/josselin-limon-duparcmeur.fr\/wp-content\/uploads\/2022\/01\/4-768x1086.jpg 768w, https:\/\/josselin-limon-duparcmeur.fr\/wp-content\/uploads\/2022\/01\/4.jpg 1240w\" sizes=\"auto, (max-width: 640px) 100vw, 640px\" \/><\/a>\n\t\t\t<\/dt>\n\t\t\t\t<dd class='wp-caption-text gallery-caption' id='gallery-2-1496'>\n\t\t\t\tCharlotte Rousselle\n\t\t\t\t<\/dd><\/dl><br style=\"clear: both\" \/><dl class='gallery-item'>\n\t\t\t<dt class='gallery-icon portrait'>\n\t\t\t\t<a href='https:\/\/josselin-limon-duparcmeur.fr\/?attachment_id=1497#main'><img loading=\"lazy\" decoding=\"async\" width=\"640\" height=\"905\" src=\"https:\/\/josselin-limon-duparcmeur.fr\/wp-content\/uploads\/2022\/01\/5-724x1024.jpg\" class=\"attachment-large size-large\" alt=\"\" aria-describedby=\"gallery-2-1497\" srcset=\"https:\/\/josselin-limon-duparcmeur.fr\/wp-content\/uploads\/2022\/01\/5-724x1024.jpg 724w, https:\/\/josselin-limon-duparcmeur.fr\/wp-content\/uploads\/2022\/01\/5-212x300.jpg 212w, https:\/\/josselin-limon-duparcmeur.fr\/wp-content\/uploads\/2022\/01\/5-768x1086.jpg 768w, https:\/\/josselin-limon-duparcmeur.fr\/wp-content\/uploads\/2022\/01\/5.jpg 1240w\" sizes=\"auto, (max-width: 640px) 100vw, 640px\" \/><\/a>\n\t\t\t<\/dt>\n\t\t\t\t<dd class='wp-caption-text gallery-caption' id='gallery-2-1497'>\n\t\t\t\tThomas Gaudin\n\t\t\t\t<\/dd><\/dl><dl class='gallery-item'>\n\t\t\t<dt class='gallery-icon portrait'>\n\t\t\t\t<a href='https:\/\/josselin-limon-duparcmeur.fr\/?attachment_id=1498#main'><img loading=\"lazy\" decoding=\"async\" width=\"640\" height=\"905\" src=\"https:\/\/josselin-limon-duparcmeur.fr\/wp-content\/uploads\/2022\/01\/6-724x1024.jpg\" class=\"attachment-large size-large\" alt=\"\" aria-describedby=\"gallery-2-1498\" srcset=\"https:\/\/josselin-limon-duparcmeur.fr\/wp-content\/uploads\/2022\/01\/6-724x1024.jpg 724w, https:\/\/josselin-limon-duparcmeur.fr\/wp-content\/uploads\/2022\/01\/6-212x300.jpg 212w, https:\/\/josselin-limon-duparcmeur.fr\/wp-content\/uploads\/2022\/01\/6-768x1086.jpg 768w, https:\/\/josselin-limon-duparcmeur.fr\/wp-content\/uploads\/2022\/01\/6.jpg 1240w\" sizes=\"auto, (max-width: 640px) 100vw, 640px\" \/><\/a>\n\t\t\t<\/dt>\n\t\t\t\t<dd class='wp-caption-text gallery-caption' id='gallery-2-1498'>\n\t\t\t\tEll\u00e9a Bird\n\t\t\t\t<\/dd><\/dl><dl class='gallery-item'>\n\t\t\t<dt class='gallery-icon portrait'>\n\t\t\t\t<a href='https:\/\/josselin-limon-duparcmeur.fr\/?attachment_id=1499#main'><img loading=\"lazy\" decoding=\"async\" width=\"640\" height=\"905\" src=\"https:\/\/josselin-limon-duparcmeur.fr\/wp-content\/uploads\/2022\/01\/7-724x1024.jpg\" class=\"attachment-large size-large\" alt=\"\" aria-describedby=\"gallery-2-1499\" srcset=\"https:\/\/josselin-limon-duparcmeur.fr\/wp-content\/uploads\/2022\/01\/7-724x1024.jpg 724w, https:\/\/josselin-limon-duparcmeur.fr\/wp-content\/uploads\/2022\/01\/7-212x300.jpg 212w, https:\/\/josselin-limon-duparcmeur.fr\/wp-content\/uploads\/2022\/01\/7-768x1086.jpg 768w, https:\/\/josselin-limon-duparcmeur.fr\/wp-content\/uploads\/2022\/01\/7.jpg 1240w\" sizes=\"auto, (max-width: 640px) 100vw, 640px\" \/><\/a>\n\t\t\t<\/dt>\n\t\t\t\t<dd class='wp-caption-text gallery-caption' id='gallery-2-1499'>\n\t\t\t\tSalom\u00e9 Bourseront\n\t\t\t\t<\/dd><\/dl><dl class='gallery-item'>\n\t\t\t<dt class='gallery-icon portrait'>\n\t\t\t\t<a href='https:\/\/josselin-limon-duparcmeur.fr\/?attachment_id=1500#main'><img loading=\"lazy\" decoding=\"async\" width=\"640\" height=\"905\" src=\"https:\/\/josselin-limon-duparcmeur.fr\/wp-content\/uploads\/2022\/01\/8-724x1024.jpg\" class=\"attachment-large size-large\" alt=\"\" aria-describedby=\"gallery-2-1500\" srcset=\"https:\/\/josselin-limon-duparcmeur.fr\/wp-content\/uploads\/2022\/01\/8-724x1024.jpg 724w, https:\/\/josselin-limon-duparcmeur.fr\/wp-content\/uploads\/2022\/01\/8-212x300.jpg 212w, https:\/\/josselin-limon-duparcmeur.fr\/wp-content\/uploads\/2022\/01\/8-768x1086.jpg 768w, https:\/\/josselin-limon-duparcmeur.fr\/wp-content\/uploads\/2022\/01\/8.jpg 1240w\" sizes=\"auto, (max-width: 640px) 100vw, 640px\" \/><\/a>\n\t\t\t<\/dt>\n\t\t\t\t<dd class='wp-caption-text gallery-caption' id='gallery-2-1500'>\n\t\t\t\tSol\u00e8ne Rebi\u00e8re\n\t\t\t\t<\/dd><\/dl><br style=\"clear: both\" \/>\n\t\t<\/div>\n\n","protected":false},"excerpt":{"rendered":"<p>&#8230; Et beaucoup de cases de BD\u00a0! De la maudite Babylone aux mains\u00a0d&rsquo;une prostitu\u00e9e de\u00a0la Gr\u00e8ce antique, des bois enchant\u00e9s \u00e0 la for\u00eat de\u00a0Sherwood, des lointaines colonies acadiennes aux tavernes du Paris de Louis XIII, des vampiresses victoriennes amoureuses aux collectionneurs contemporains obsessionnels, d&rsquo;une cour\u00a0d&rsquo;\u00e9cole primaire \u00e0 une cour\u00a0de justice galactique, l&rsquo;or du\u00a0totem\u00a0cheminera entre les [&hellip;]<\/p>\n","protected":false},"author":1,"featured_media":0,"parent":0,"menu_order":0,"comment_status":"closed","ping_status":"closed","template":"","meta":{"footnotes":""},"class_list":["post-1479","page","type-page","status-publish","hentry"],"_links":{"self":[{"href":"https:\/\/josselin-limon-duparcmeur.fr\/index.php?rest_route=\/wp\/v2\/pages\/1479","targetHints":{"allow":["GET"]}}],"collection":[{"href":"https:\/\/josselin-limon-duparcmeur.fr\/index.php?rest_route=\/wp\/v2\/pages"}],"about":[{"href":"https:\/\/josselin-limon-duparcmeur.fr\/index.php?rest_route=\/wp\/v2\/types\/page"}],"author":[{"embeddable":true,"href":"https:\/\/josselin-limon-duparcmeur.fr\/index.php?rest_route=\/wp\/v2\/users\/1"}],"replies":[{"embeddable":true,"href":"https:\/\/josselin-limon-duparcmeur.fr\/index.php?rest_route=%2Fwp%2Fv2%2Fcomments&post=1479"}],"version-history":[{"count":12,"href":"https:\/\/josselin-limon-duparcmeur.fr\/index.php?rest_route=\/wp\/v2\/pages\/1479\/revisions"}],"predecessor-version":[{"id":1934,"href":"https:\/\/josselin-limon-duparcmeur.fr\/index.php?rest_route=\/wp\/v2\/pages\/1479\/revisions\/1934"}],"wp:attachment":[{"href":"https:\/\/josselin-limon-duparcmeur.fr\/index.php?rest_route=%2Fwp%2Fv2%2Fmedia&parent=1479"}],"curies":[{"name":"wp","href":"https:\/\/api.w.org\/{rel}","templated":true}]}}