{"id":1215,"date":"2020-08-16T14:50:29","date_gmt":"2020-08-16T14:50:29","guid":{"rendered":"http:\/\/josselin-limon-duparcmeur.fr\/?page_id=1215"},"modified":"2024-06-25T16:27:11","modified_gmt":"2024-06-25T16:27:11","slug":"salade-cesar-delcourt","status":"publish","type":"page","link":"https:\/\/josselin-limon-duparcmeur.fr\/?page_id=1215","title":{"rendered":""},"content":{"rendered":"\n\t\t<style type=\"text\/css\">\n\t\t\t#gallery-1 {\n\t\t\t\tmargin: auto;\n\t\t\t}\n\t\t\t#gallery-1 .gallery-item {\n\t\t\t\tfloat: left;\n\t\t\t\tmargin-top: 10px;\n\t\t\t\ttext-align: center;\n\t\t\t\twidth: 25%;\n\t\t\t}\n\t\t\t#gallery-1 img {\n\t\t\t\tborder: 2px solid #cfcfcf;\n\t\t\t}\n\t\t\t#gallery-1 .gallery-caption {\n\t\t\t\tmargin-left: 0;\n\t\t\t}\n\t\t\t\/* see gallery_shortcode() in wp-includes\/media.php *\/\n\t\t<\/style>\n\t\t<div id='gallery-1' class='gallery galleryid-1215 gallery-columns-4 gallery-size-large'><dl class='gallery-item'>\n\t\t\t<dt class='gallery-icon portrait'>\n\t\t\t\t<a href='https:\/\/josselin-limon-duparcmeur.fr\/?attachment_id=1216#main'><img loading=\"lazy\" decoding=\"async\" width=\"640\" height=\"850\" src=\"https:\/\/josselin-limon-duparcmeur.fr\/wp-content\/uploads\/2020\/08\/couverture-Salade-Cesar-ok-771x1024.jpg\" class=\"attachment-large size-large\" alt=\"karibou josselin limon duparcmeur delcourt \u00e9ditions collection pataques bd bande dessin\u00e9e salade cesar\" srcset=\"https:\/\/josselin-limon-duparcmeur.fr\/wp-content\/uploads\/2020\/08\/couverture-Salade-Cesar-ok-771x1024.jpg 771w, https:\/\/josselin-limon-duparcmeur.fr\/wp-content\/uploads\/2020\/08\/couverture-Salade-Cesar-ok-226x300.jpg 226w, https:\/\/josselin-limon-duparcmeur.fr\/wp-content\/uploads\/2020\/08\/couverture-Salade-Cesar-ok-768x1020.jpg 768w, https:\/\/josselin-limon-duparcmeur.fr\/wp-content\/uploads\/2020\/08\/couverture-Salade-Cesar-ok.jpg 780w\" sizes=\"auto, (max-width: 640px) 100vw, 640px\" \/><\/a>\n\t\t\t<\/dt><\/dl><dl class='gallery-item'>\n\t\t\t<dt class='gallery-icon portrait'>\n\t\t\t\t<a href='https:\/\/josselin-limon-duparcmeur.fr\/?attachment_id=1217#main'><img loading=\"lazy\" decoding=\"async\" width=\"640\" height=\"841\" src=\"https:\/\/josselin-limon-duparcmeur.fr\/wp-content\/uploads\/2020\/08\/salade-p3-779x1024.jpg\" class=\"attachment-large size-large\" alt=\"karibou josselin limon duparcmeur delcourt \u00e9ditions collection pataques bd bande dessin\u00e9e salade cesar\" srcset=\"https:\/\/josselin-limon-duparcmeur.fr\/wp-content\/uploads\/2020\/08\/salade-p3-779x1024.jpg 779w, https:\/\/josselin-limon-duparcmeur.fr\/wp-content\/uploads\/2020\/08\/salade-p3-228x300.jpg 228w, https:\/\/josselin-limon-duparcmeur.fr\/wp-content\/uploads\/2020\/08\/salade-p3-768x1009.jpg 768w, https:\/\/josselin-limon-duparcmeur.fr\/wp-content\/uploads\/2020\/08\/salade-p3.jpg 917w\" sizes=\"auto, (max-width: 640px) 100vw, 640px\" \/><\/a>\n\t\t\t<\/dt><\/dl><dl class='gallery-item'>\n\t\t\t<dt class='gallery-icon portrait'>\n\t\t\t\t<a href='https:\/\/josselin-limon-duparcmeur.fr\/?attachment_id=1218#main'><img loading=\"lazy\" decoding=\"async\" width=\"640\" height=\"841\" src=\"https:\/\/josselin-limon-duparcmeur.fr\/wp-content\/uploads\/2020\/08\/salade-p7-779x1024.jpg\" class=\"attachment-large size-large\" alt=\"karibou josselin limon duparcmeur delcourt \u00e9ditions collection pataques bd bande dessin\u00e9e salade cesar\" srcset=\"https:\/\/josselin-limon-duparcmeur.fr\/wp-content\/uploads\/2020\/08\/salade-p7-779x1024.jpg 779w, https:\/\/josselin-limon-duparcmeur.fr\/wp-content\/uploads\/2020\/08\/salade-p7-228x300.jpg 228w, https:\/\/josselin-limon-duparcmeur.fr\/wp-content\/uploads\/2020\/08\/salade-p7-768x1009.jpg 768w, https:\/\/josselin-limon-duparcmeur.fr\/wp-content\/uploads\/2020\/08\/salade-p7.jpg 917w\" sizes=\"auto, (max-width: 640px) 100vw, 640px\" \/><\/a>\n\t\t\t<\/dt><\/dl><dl class='gallery-item'>\n\t\t\t<dt class='gallery-icon portrait'>\n\t\t\t\t<a href='https:\/\/josselin-limon-duparcmeur.fr\/?attachment_id=1219#main'><img loading=\"lazy\" decoding=\"async\" width=\"640\" height=\"841\" src=\"https:\/\/josselin-limon-duparcmeur.fr\/wp-content\/uploads\/2020\/08\/salade-p14-779x1024.jpg\" class=\"attachment-large size-large\" alt=\"karibou josselin limon duparcmeur delcourt \u00e9ditions collection pataques bd bande dessin\u00e9e salade cesar\" srcset=\"https:\/\/josselin-limon-duparcmeur.fr\/wp-content\/uploads\/2020\/08\/salade-p14-779x1024.jpg 779w, https:\/\/josselin-limon-duparcmeur.fr\/wp-content\/uploads\/2020\/08\/salade-p14-228x300.jpg 228w, https:\/\/josselin-limon-duparcmeur.fr\/wp-content\/uploads\/2020\/08\/salade-p14-768x1009.jpg 768w, https:\/\/josselin-limon-duparcmeur.fr\/wp-content\/uploads\/2020\/08\/salade-p14.jpg 917w\" sizes=\"auto, (max-width: 640px) 100vw, 640px\" \/><\/a>\n\t\t\t<\/dt><\/dl><br style=\"clear: both\" \/>\n\t\t<\/div>\n\n<p><a href=\"https:\/\/www.editions-delcourt.fr\/bd\/series\/serie-salade-cesar\/album-salade-cesar\">\u00c9ditions Delcourt \/ Col. Pataqu\u00e8s<\/a><\/p>\n<p>Avec le m\u00eame Sc\u00e9nariste, Karibou, pour le magazine Mani\u00e8re de Voir du Monde diplomatique (ao\u00fbt-septembre 2020) :<br \/>\n<a href=\"https:\/\/www.monde-diplomatique.fr\/mav\/172\/KARIBOU\/62039\">Sang pour sang vrai \/ Monde diplomatique<\/a><\/p>\n","protected":false},"excerpt":{"rendered":"<p>\u00c9ditions Delcourt \/ Col. Pataqu\u00e8s Avec le m\u00eame Sc\u00e9nariste, Karibou, pour le magazine Mani\u00e8re de Voir du Monde diplomatique (ao\u00fbt-septembre 2020) : Sang pour sang vrai \/ Monde diplomatique<\/p>\n","protected":false},"author":1,"featured_media":0,"parent":0,"menu_order":0,"comment_status":"closed","ping_status":"closed","template":"","meta":{"footnotes":""},"class_list":["post-1215","page","type-page","status-publish","hentry"],"_links":{"self":[{"href":"https:\/\/josselin-limon-duparcmeur.fr\/index.php?rest_route=\/wp\/v2\/pages\/1215","targetHints":{"allow":["GET"]}}],"collection":[{"href":"https:\/\/josselin-limon-duparcmeur.fr\/index.php?rest_route=\/wp\/v2\/pages"}],"about":[{"href":"https:\/\/josselin-limon-duparcmeur.fr\/index.php?rest_route=\/wp\/v2\/types\/page"}],"author":[{"embeddable":true,"href":"https:\/\/josselin-limon-duparcmeur.fr\/index.php?rest_route=\/wp\/v2\/users\/1"}],"replies":[{"embeddable":true,"href":"https:\/\/josselin-limon-duparcmeur.fr\/index.php?rest_route=%2Fwp%2Fv2%2Fcomments&post=1215"}],"version-history":[{"count":19,"href":"https:\/\/josselin-limon-duparcmeur.fr\/index.php?rest_route=\/wp\/v2\/pages\/1215\/revisions"}],"predecessor-version":[{"id":1932,"href":"https:\/\/josselin-limon-duparcmeur.fr\/index.php?rest_route=\/wp\/v2\/pages\/1215\/revisions\/1932"}],"wp:attachment":[{"href":"https:\/\/josselin-limon-duparcmeur.fr\/index.php?rest_route=%2Fwp%2Fv2%2Fmedia&parent=1215"}],"curies":[{"name":"wp","href":"https:\/\/api.w.org\/{rel}","templated":true}]}}